{"id":2085,"date":"2017-11-26T20:56:40","date_gmt":"2017-11-26T19:56:40","guid":{"rendered":"http:\/\/marenalex.de\/WordPress\/?page_id=2085"},"modified":"2017-11-26T22:49:48","modified_gmt":"2017-11-26T21:49:48","slug":"onko-seiten","status":"publish","type":"page","link":"https:\/\/marenalex.de\/WordPress\/onko-seiten\/","title":{"rendered":"Onko Seiten"},"content":{"rendered":"<p><a href=\"https:\/\/www.onkopedia.com\/de\/\">Onkopedia<\/a><\/p>\n<p><a href=\"http:\/\/www.onkologie2018.de\">Onkologie2018<\/a><\/p>\n<p><a href=\"https:\/\/www.springermedizin.de\/learning\/course\/14238470\/course\/6152\/de_DE\/mediafile\/kuv1wv24h4pnx61pqe4nr038mumvm7vi.pdf\/40531_2017_Article_16_Ohne_Onkopedia.pdf\">www.springermedizin.de CLL-Kurs<\/a><\/p>\n<p><a href=\"https:\/\/qxmd.com\/calculate\/calculator_375\/cll-ipi\">International Prognostic Index for patients with chronic lymphocytic leukemia \u00a0<\/a><\/p>\n<p><a href=\"http:\/\/mtools.farmacologiaclinica.info\/index.php\">Cumulative Illness Rating Scale-Geriatric<\/a><\/p>\n<p><a href=\"http:\/\/marenalex.de\/WordPress\/onko-seiten\/image\/\" rel=\"attachment wp-att-2095\"><img loading=\"lazy\" decoding=\"async\" class=\"alignnone size-medium wp-image-2095\" src=\"http:\/\/marenalex.de\/WordPress\/wp-content\/uploads\/2017\/11\/image-300x228.jpeg\" alt=\"Entscheidungsbaum CLL DGHO\" width=\"300\" height=\"228\" srcset=\"https:\/\/marenalex.de\/WordPress\/wp-content\/uploads\/2017\/11\/image-300x228.jpeg 300w, https:\/\/marenalex.de\/WordPress\/wp-content\/uploads\/2017\/11\/image-768x583.jpeg 768w, https:\/\/marenalex.de\/WordPress\/wp-content\/uploads\/2017\/11\/image-1024x777.jpeg 1024w, https:\/\/marenalex.de\/WordPress\/wp-content\/uploads\/2017\/11\/image-624x473.jpeg 624w\" sizes=\"auto, (max-width: 300px) 100vw, 300px\" \/><\/a><\/p>\n<p>&nbsp;<\/p>\n<p>ECOG Perfomance-Status<\/p>\n<p>Die von der Eastern Cooperative Oncology Group (ECOG) entwickelte Skala zur Erfassung des Performance-Status teilt den k\u00f6rperlichen Zustand von onkologischen Patienten in 6 Stufen (0\u20135) ein. Die einzelnen Grade sind hier beschrieben:<\/p>\n<p>Grad<br \/>\nBeschreibung<br \/>\n0<br \/>\nUneingeschr\u00e4nkte Leistungsf\u00e4higkeit wie vor der Krankheit<br \/>\n1<br \/>\nEinschr\u00e4nkungen bei schwerer k\u00f6rperlicher T\u00e4tigkeit, leichte oder sitzende T\u00e4tigkeiten k\u00f6nnen aber uneingeschr\u00e4nkt ausgef\u00fchrt werden<br \/>\n2<br \/>\nMobil und zur Selbstversorgung f\u00e4hig, Arbeit jeglicher Art ist jedoch nicht mehr m\u00f6glich; mehr als 50% des Tages aktiv<br \/>\n3<br \/>\nEingeschr\u00e4nkte F\u00e4higkeit zur Selbstversorgung; mehr als 50% des Tages auf Bett oder Stuhl angewiesen<br \/>\n4<br \/>\nVollst\u00e4ndige Einschr\u00e4nkung der k\u00f6rperlichen Leistungsf\u00e4higkeit, keine F\u00e4higkeit zur Selbstversorgung, vollst\u00e4ndig an Bett oder Stuhl gebunden<\/p>\n<div id=\"attachment_2097\" style=\"width: 310px\" class=\"wp-caption alignnone\"><a href=\"http:\/\/marenalex.de\/WordPress\/onko-seiten\/image-2\/\" rel=\"attachment wp-att-2097\"><img loading=\"lazy\" decoding=\"async\" aria-describedby=\"caption-attachment-2097\" class=\"size-medium wp-image-2097\" src=\"http:\/\/marenalex.de\/WordPress\/wp-content\/uploads\/2017\/11\/image-1-300x292.jpeg\" alt=\"Angriffspunkte Therapie CLL\" width=\"300\" height=\"292\" srcset=\"https:\/\/marenalex.de\/WordPress\/wp-content\/uploads\/2017\/11\/image-1-300x292.jpeg 300w, https:\/\/marenalex.de\/WordPress\/wp-content\/uploads\/2017\/11\/image-1-768x748.jpeg 768w, https:\/\/marenalex.de\/WordPress\/wp-content\/uploads\/2017\/11\/image-1-1024x997.jpeg 1024w, https:\/\/marenalex.de\/WordPress\/wp-content\/uploads\/2017\/11\/image-1-624x607.jpeg 624w, https:\/\/marenalex.de\/WordPress\/wp-content\/uploads\/2017\/11\/image-1.jpeg 1799w\" sizes=\"auto, (max-width: 300px) 100vw, 300px\" \/><\/a><p id=\"caption-attachment-2097\" class=\"wp-caption-text\">Angriffspunkte Therapie CLL<\/p><\/div>\n<p>&nbsp;<\/p>\n","protected":false},"excerpt":{"rendered":"<p>Onkopedia Onkologie2018 www.springermedizin.de CLL-Kurs International Prognostic Index for patients with chronic lymphocytic leukemia \u00a0 Cumulative Illness Rating Scale-Geriatric &nbsp; ECOG Perfomance-Status Die von der Eastern Cooperative Oncology Group (ECOG) entwickelte Skala zur Erfassung des Performance-Status teilt den k\u00f6rperlichen Zustand von onkologischen Patienten in 6 Stufen (0\u20135) ein. Die einzelnen Grade sind hier beschrieben: Grad Beschreibung [&hellip;]<\/p>\n","protected":false},"author":2,"featured_media":0,"parent":0,"menu_order":0,"comment_status":"closed","ping_status":"closed","template":"","meta":{"jetpack_post_was_ever_published":false,"footnotes":""},"class_list":["post-2085","page","type-page","status-publish","hentry"],"jetpack_sharing_enabled":true,"jetpack_shortlink":"https:\/\/wp.me\/P8uf1d-xD","_links":{"self":[{"href":"https:\/\/marenalex.de\/WordPress\/wp-json\/wp\/v2\/pages\/2085","targetHints":{"allow":["GET"]}}],"collection":[{"href":"https:\/\/marenalex.de\/WordPress\/wp-json\/wp\/v2\/pages"}],"about":[{"href":"https:\/\/marenalex.de\/WordPress\/wp-json\/wp\/v2\/types\/page"}],"author":[{"embeddable":true,"href":"https:\/\/marenalex.de\/WordPress\/wp-json\/wp\/v2\/users\/2"}],"replies":[{"embeddable":true,"href":"https:\/\/marenalex.de\/WordPress\/wp-json\/wp\/v2\/comments?post=2085"}],"version-history":[{"count":6,"href":"https:\/\/marenalex.de\/WordPress\/wp-json\/wp\/v2\/pages\/2085\/revisions"}],"predecessor-version":[{"id":2099,"href":"https:\/\/marenalex.de\/WordPress\/wp-json\/wp\/v2\/pages\/2085\/revisions\/2099"}],"wp:attachment":[{"href":"https:\/\/marenalex.de\/WordPress\/wp-json\/wp\/v2\/media?parent=2085"}],"curies":[{"name":"wp","href":"https:\/\/api.w.org\/{rel}","templated":true}]}}