{"id":2337,"date":"2020-01-11T10:41:43","date_gmt":"2020-01-11T09:41:43","guid":{"rendered":"http:\/\/marenalex.de\/WordPress\/sachen-fuer-kinder-2-5-hand\/"},"modified":"2020-01-19T22:24:05","modified_gmt":"2020-01-19T21:24:05","slug":"sachen-fuer-kinder-2-5-hand","status":"publish","type":"page","link":"https:\/\/marenalex.de\/WordPress\/sachen-fuer-kinder-2-5-hand\/","title":{"rendered":"Sachen f\u00fcr Kinder 2-5. Hand"},"content":{"rendered":"<p>Hallo hier sind paar Sachen die wir im Keller haben und gerne loswerden wollen. Wenn ihr Interesse habt meldet euch.<\/p>\n<p><!--more--><\/p>\n<p>Ganz ohne Strom!<\/p>\n<p><img loading=\"lazy\" decoding=\"async\" src=\"http:\/\/marenalex.de\/WordPress\/wp-content\/uploads\/2020\/01\/602fe8ec-c132-424b-a1d7-3b9d46a89927-3998-0000034ce97c59ab_file.jpg\" class=\"size-full wp-image-2352\" width=\"750\" height=\"1000\" srcset=\"https:\/\/marenalex.de\/WordPress\/wp-content\/uploads\/2020\/01\/602fe8ec-c132-424b-a1d7-3b9d46a89927-3998-0000034ce97c59ab_file.jpg 750w, https:\/\/marenalex.de\/WordPress\/wp-content\/uploads\/2020\/01\/602fe8ec-c132-424b-a1d7-3b9d46a89927-3998-0000034ce97c59ab_file-225x300.jpg 225w, https:\/\/marenalex.de\/WordPress\/wp-content\/uploads\/2020\/01\/602fe8ec-c132-424b-a1d7-3b9d46a89927-3998-0000034ce97c59ab_file-624x832.jpg 624w\" sizes=\"auto, (max-width: 750px) 100vw, 750px\" \/><\/p>\n<p>Der Stocke-Klassiker<\/p>\n<p>Hatte mein lieber Kollege Heinz in Sande schon in dritter Hand bekommen.Wir brauchen ihn nicht mehr und freuen uns wenn noch jemand Nutzen daraus zieht.<\/p>\n<p><img loading=\"lazy\" decoding=\"async\" src=\"http:\/\/marenalex.de\/WordPress\/wp-content\/uploads\/2020\/01\/75e07e81-dd8b-435b-8078-2aaeb3139d86-3752-0000032e2fc48eef_file.jpg\" class=\"size-full wp-image-2336\" width=\"750\" height=\"1000\" srcset=\"https:\/\/marenalex.de\/WordPress\/wp-content\/uploads\/2020\/01\/75e07e81-dd8b-435b-8078-2aaeb3139d86-3752-0000032e2fc48eef_file.jpg 750w, https:\/\/marenalex.de\/WordPress\/wp-content\/uploads\/2020\/01\/75e07e81-dd8b-435b-8078-2aaeb3139d86-3752-0000032e2fc48eef_file-225x300.jpg 225w, https:\/\/marenalex.de\/WordPress\/wp-content\/uploads\/2020\/01\/75e07e81-dd8b-435b-8078-2aaeb3139d86-3752-0000032e2fc48eef_file-624x832.jpg 624w\" sizes=\"auto, (max-width: 750px) 100vw, 750px\" \/><\/p>\n<p>Falls der Winter doch noch kommt<\/p>\n<p>Universell f\u00fcr praktisch alle Schlitten nutzbar.<\/p>\n<p><img loading=\"lazy\" decoding=\"async\" src=\"http:\/\/marenalex.de\/WordPress\/wp-content\/uploads\/2020\/01\/bec9230e-50e1-4958-a529-3bdf9d21ecd5-3752-0000032f8715df1e_file.jpg\" class=\"size-full wp-image-2339\" width=\"750\" height=\"1000\" srcset=\"https:\/\/marenalex.de\/WordPress\/wp-content\/uploads\/2020\/01\/bec9230e-50e1-4958-a529-3bdf9d21ecd5-3752-0000032f8715df1e_file.jpg 750w, https:\/\/marenalex.de\/WordPress\/wp-content\/uploads\/2020\/01\/bec9230e-50e1-4958-a529-3bdf9d21ecd5-3752-0000032f8715df1e_file-225x300.jpg 225w, https:\/\/marenalex.de\/WordPress\/wp-content\/uploads\/2020\/01\/bec9230e-50e1-4958-a529-3bdf9d21ecd5-3752-0000032f8715df1e_file-624x832.jpg 624w\" sizes=\"auto, (max-width: 750px) 100vw, 750px\" \/><\/p>\n<p>zum Gl\u00fcck brauchen wir das nicht mehr! Ist total super mein erstes Spiel Schatz von Haba<\/p>\n<p><img loading=\"lazy\" decoding=\"async\" src=\"http:\/\/marenalex.de\/WordPress\/wp-content\/uploads\/2020\/01\/2b174251-eb05-43fe-ba5d-a1263fa717ec-3752-00000333c4ecc78a_file.jpg\" class=\"size-full wp-image-2347\" width=\"750\" height=\"1000\" srcset=\"https:\/\/marenalex.de\/WordPress\/wp-content\/uploads\/2020\/01\/2b174251-eb05-43fe-ba5d-a1263fa717ec-3752-00000333c4ecc78a_file.jpg 750w, https:\/\/marenalex.de\/WordPress\/wp-content\/uploads\/2020\/01\/2b174251-eb05-43fe-ba5d-a1263fa717ec-3752-00000333c4ecc78a_file-225x300.jpg 225w, https:\/\/marenalex.de\/WordPress\/wp-content\/uploads\/2020\/01\/2b174251-eb05-43fe-ba5d-a1263fa717ec-3752-00000333c4ecc78a_file-624x832.jpg 624w\" sizes=\"auto, (max-width: 750px) 100vw, 750px\" \/><\/p>\n<p>Kasperle Theater mit in die T\u00fcr einh\u00e4ngenbarer B\u00fchne<img loading=\"lazy\" decoding=\"async\" src=\"http:\/\/marenalex.de\/WordPress\/wp-content\/uploads\/2020\/01\/5fbb1ce1-e3b9-4272-a714-87cf849abb19-3752-0000033a7de9014a_file.jpg\" class=\"size-full wp-image-2350\" width=\"750\" height=\"1000\" srcset=\"https:\/\/marenalex.de\/WordPress\/wp-content\/uploads\/2020\/01\/5fbb1ce1-e3b9-4272-a714-87cf849abb19-3752-0000033a7de9014a_file.jpg 750w, https:\/\/marenalex.de\/WordPress\/wp-content\/uploads\/2020\/01\/5fbb1ce1-e3b9-4272-a714-87cf849abb19-3752-0000033a7de9014a_file-225x300.jpg 225w, https:\/\/marenalex.de\/WordPress\/wp-content\/uploads\/2020\/01\/5fbb1ce1-e3b9-4272-a714-87cf849abb19-3752-0000033a7de9014a_file-624x832.jpg 624w\" sizes=\"auto, (max-width: 750px) 100vw, 750px\" \/><img loading=\"lazy\" decoding=\"async\" src=\"http:\/\/marenalex.de\/WordPress\/wp-content\/uploads\/2020\/01\/ad209fdb-2b5d-49ed-b3a0-d48ab4793906-3752-0000033af10971ec_file.jpg\" class=\"size-full wp-image-2349\" width=\"750\" height=\"1000\" srcset=\"https:\/\/marenalex.de\/WordPress\/wp-content\/uploads\/2020\/01\/ad209fdb-2b5d-49ed-b3a0-d48ab4793906-3752-0000033af10971ec_file.jpg 750w, https:\/\/marenalex.de\/WordPress\/wp-content\/uploads\/2020\/01\/ad209fdb-2b5d-49ed-b3a0-d48ab4793906-3752-0000033af10971ec_file-225x300.jpg 225w, https:\/\/marenalex.de\/WordPress\/wp-content\/uploads\/2020\/01\/ad209fdb-2b5d-49ed-b3a0-d48ab4793906-3752-0000033af10971ec_file-624x832.jpg 624w\" sizes=\"auto, (max-width: 750px) 100vw, 750px\" \/><\/p>\n","protected":false},"excerpt":{"rendered":"<p>Hallo hier sind paar Sachen die wir im Keller haben und gerne loswerden wollen. Wenn ihr Interesse habt meldet euch.<\/p>\n","protected":false},"author":2,"featured_media":2339,"parent":0,"menu_order":0,"comment_status":"closed","ping_status":"closed","template":"","meta":{"jetpack_post_was_ever_published":false,"footnotes":""},"class_list":["post-2337","page","type-page","status-publish","has-post-thumbnail","hentry"],"jetpack_sharing_enabled":true,"jetpack_shortlink":"https:\/\/wp.me\/P8uf1d-BH","_links":{"self":[{"href":"https:\/\/marenalex.de\/WordPress\/wp-json\/wp\/v2\/pages\/2337","targetHints":{"allow":["GET"]}}],"collection":[{"href":"https:\/\/marenalex.de\/WordPress\/wp-json\/wp\/v2\/pages"}],"about":[{"href":"https:\/\/marenalex.de\/WordPress\/wp-json\/wp\/v2\/types\/page"}],"author":[{"embeddable":true,"href":"https:\/\/marenalex.de\/WordPress\/wp-json\/wp\/v2\/users\/2"}],"replies":[{"embeddable":true,"href":"https:\/\/marenalex.de\/WordPress\/wp-json\/wp\/v2\/comments?post=2337"}],"version-history":[{"count":7,"href":"https:\/\/marenalex.de\/WordPress\/wp-json\/wp\/v2\/pages\/2337\/revisions"}],"predecessor-version":[{"id":2358,"href":"https:\/\/marenalex.de\/WordPress\/wp-json\/wp\/v2\/pages\/2337\/revisions\/2358"}],"wp:featuredmedia":[{"embeddable":true,"href":"https:\/\/marenalex.de\/WordPress\/wp-json\/wp\/v2\/media\/2339"}],"wp:attachment":[{"href":"https:\/\/marenalex.de\/WordPress\/wp-json\/wp\/v2\/media?parent=2337"}],"curies":[{"name":"wp","href":"https:\/\/api.w.org\/{rel}","templated":true}]}}